{"id":4302,"date":"2018-01-10T13:10:52","date_gmt":"2018-01-10T12:10:52","guid":{"rendered":"http:\/\/kreftgenomikk.w.uib.no\/?page_id=4302"},"modified":"2019-01-21T19:26:50","modified_gmt":"2019-01-21T18:26:50","slug":"om-oss","status":"publish","type":"page","link":"https:\/\/kreftgenomikk.w.uib.no\/no\/om-oss\/","title":{"rendered":"Om oss"},"content":{"rendered":"<p>[et_pb_section admin_label=&raquo;Seksjon&raquo; fullwidth=&raquo;on&raquo; specialty=&raquo;off&raquo;][et_pb_fullwidth_post_title admin_label=&raquo;Fullbreddes innleggstittel&raquo; title=&raquo;on&raquo; meta=&raquo;off&raquo; author=&raquo;on&raquo; date=&raquo;on&raquo; categories=&raquo;on&raquo; comments=&raquo;on&raquo; featured_image=&raquo;on&raquo; featured_placement=&raquo;background&raquo; parallax_effect=&raquo;off&raquo; parallax_method=&raquo;on&raquo; text_orientation=&raquo;right&raquo; text_color=&raquo;light&raquo; text_background=&raquo;on&raquo; text_bg_color=&raquo;rgba(21,150,137,0.9)&raquo; module_bg_color=&raquo;rgba(255,255,255,0)&raquo; title_font=&raquo;|on|||&raquo; title_font_size=&raquo;35px&raquo; title_all_caps=&raquo;off&raquo; use_border_color=&raquo;off&raquo; border_color=&raquo;#ffffff&raquo; border_style=&raquo;solid&raquo; module_id=&raquo;header-image-and-text&raquo;]<\/p>\n<p>&nbsp;<\/p>\n<p>[\/et_pb_fullwidth_post_title][\/et_pb_section][et_pb_section admin_label=&raquo;Seksjon&raquo; fullwidth=&raquo;off&raquo; specialty=&raquo;off&raquo;][et_pb_row admin_label=&raquo;Rad&raquo;][et_pb_column type=&raquo;2_3&#8243;][et_pb_text admin_label=&raquo;Tekst&raquo; background_layout=&raquo;light&raquo; text_orientation=&raquo;left&raquo; use_border_color=&raquo;off&raquo; border_color=&raquo;#ffffff&raquo; border_style=&raquo;solid&raquo;]<\/p>\n<p><strong>Konsortiet (Norwegian Cancer Genomics Consortium NCGC) best\u00e5r av kliniske og kreftbiologiske forsknings\u00adgrupper ved universitetssykehusene i Norge. Vi samarbeider om to store forskningsprosjekter innen kreftgenomikk som st\u00f8ttes av Norges Forskningsr\u00e5d med tilsammen 75 millioner kroner. V\u00e5r forskning skal gi nye kliniske f\u00f8ringer for kreftbehandlingen. Prosjektene ledes av lederne for de tilknyttede forskningsgruppene, Tom D\u00f8nnem (UNN), Bj\u00f8rn Tore Gjertsen (HUS), Ketil Widerberg (Oslo Cancer Cluster), Harald Holte (OUS), Eivind Hovig (OUS), Ragnhild Lothe (OUS), Per Eystein L\u00f8nning (HUS), Leonardo Meza-Zepeda (OUS), Ola Myklebost (UiB\/OUS), Elisabeth Gr\u00e5b\u00f8ll-Undersrud (Bioteknologir\u00e5det), Ole Morten Seternes (UiT), Jan Helge Solbakk (UiO), Giske Ursin (KR), Anders Waage (St Olav). Liv Cecilie Vestrheim thomsen er koordinator (HUS).<\/strong><\/p>\n<p>Vi jobber m\u00e5lrettet for \u00e5 gj\u00f8re kreftbehandlingen mer persontilpasset. I Norge er det offentlige helsesystemet den dominerende leverand\u00f8ren av kreftbehandling. Vi har et helsesystem som muliggj\u00f8r h\u00f8y kvalitet p\u00e5 dokumentasjonen av den enkelte pasients sykdomsforl\u00f8p, og et Kreftregister som kan samle data nasjonalt.<\/p>\n<p>&nbsp;<\/p>\n<h4>Hva \u00f8nsker vi \u00e5 oppn\u00e5?<\/h4>\n<p>M\u00e5let er \u00e5 kunne gi en mer m\u00e5lrettet og bedre kreftbehandling til hver enkelt pasient. Slik at flere kan bli friske av kreft eller leve lengre med sin kreftsykdom. For \u00e5 klare dette m\u00e5 vi kartlegge svulstens genfeil for \u00e5 finne riktig behandlingsm\u00e5l. Prosjektene inkluderer molekyl\u00e6rgenetiske analyser, og klinisk forskning i samme prosjekt. Prosjekter som ser p\u00e5 optimal karakterisering av pasientene og behandlingen de har f\u00e5tt, i kombinasjon med en s\u00f8ken etter kreftbehandling basert p\u00e5 svulstens genfeil.<\/p>\n<p>&nbsp;<\/p>\n<h4>Hvordan g\u00e5r vi frem?<\/h4>\n<p>Vi kartlegger genfeil i svulster hos flere grupper kreftpasienter: bryst, melanom, tarmkreft m.fl. Mange m\u00e5lmolekyler for persontilpasset medisin, f.eks. muterte gener og proteiner, har vist seg \u00e5 forekomme i flere kreftformer enn i den kreftformen de f\u00f8rst ble identifisert. Det gj\u00f8r at vi kan bruke medisin p\u00e5 tvers av diagnoser og utvikle ny medisin. Svulstens kombinasjon av muterte gener gir mulighet for \u00e5 kombinere behandling mot flere av disse. Sekvenseringsteknologien gj\u00f8r det i prinsippet mulig \u00e5 kartlegge alle mutasjoner i hver svulst. Diagnostikken vil bli sv\u00e6rt effektiv.<\/p>\n<p>&nbsp;<\/p>\n<h4>Hvordan tenker og jobber vi?<\/h4>\n<p><em>Vi tenker grenseoverskridende:<\/em><\/p>\n<p>Kreft b\u00f8r h\u00e5ndteres ut fra hvilke genetiske endringer som har bidratt til kreftutviklingen og hvilke av disse som er tilgjengelige terapeutiske m\u00e5l.<br \/>\nFremtidens kreftbehandling vil bli mindre basert p\u00e5 hvilke organer og celletyper kreftcellene har sitt utspring fra.<\/p>\n<p><em>Vi jobber grenseoverskridende:<\/em><\/p>\n<p>Alle helseregioner er inkludert i NCGCs arbeide.<br \/>\nIngen forskning uten samarbeid med: Pasienten, forskningssykepleieren, onkologen, molekul\u00e6rpatologen, lab-ingeni\u00f8ren og data-ingeni\u00f8ren, biobanker, klinikere med ulik spesialisering, forskere innen klinisk medisin, molekyl\u00e6rbiologer, patologer, informatikere for datah\u00e5ndtering, kreftepidemiologer, medisinske statistikere og dypsekvenseringsteknologer.<\/p>\n<p>&nbsp;<\/p>\n<h4>V\u00e5re utfordringer<\/h4>\n<ul>\n<li>De fleste kreftpr\u00f8ver har hundrevis og noenganger tusenvis av genetiske endringer. Med unik sammensetning for hver pr\u00f8ve. Det er krevende \u00e5 skille mutasjoner som bidrar til kreftutvikling fra tilfeldige genetiske hendelser p\u00e5 grunn av den \u00f8kte mutasjonsraten i kreftceller.<\/li>\n<li>Et annet problem er at mutasjonsbildet endrer seg gjennom kreftutviklingforl\u00f8pet. Selv muterte proteiner som anses som kreftdrivende kan ha ulike mutasjoner i forskjellige deler av samme svulst.<\/li>\n<li>Tolkingsutfordringen: Den skreddersydde kreftbehandlingen vil v\u00e6re avhengig av statistikk og informatikk for \u00e5 h\u00e5ndtere de formidable datamengdene. Analyseresultatene m\u00e5 kombineres med empirisk oppsamlet molekyl\u00e6r kreftrelevant kunnskap. Det klinisk vesentlige m\u00e5 skilles fra \u00abst\u00f8y\u00bb. Utvikling av programvare for h\u00e5ndtering av store mengder sensitive data og overf\u00f8ringen av behandlingsrelevant informasjon til kliniske IKT-systemer m\u00e5 l\u00f8ses.<\/li>\n<li>Kliniske registre: En viktig forutsetning for alle prosjektene som kommer inn under NCGC er gode kliniske registre som inneholder relevant klinisk informasjon, herunder all behandling i hele pasientforl\u00f8pet.<\/li>\n<\/ul>\n<p>&nbsp;<\/p>\n<h4>V\u00e5r m\u00e5lsetting<\/h4>\n<p>Persontilpasset kreftbehandling vil gi bedre livskvalitet og \u00f8kt livslengde. Med riktigere og bedre tilpasset kreftbehandling vil vi unng\u00e5 overbehandling og un\u00f8dvendig behandling. Det er ogs\u00e5 etisk og \u00f8knomisk sett en viktig del av forskningsprosjektet. Persontilpasset medisin gir ogs\u00e5 muligheter for \u00e5 kunne benytte samme type medisin til pasienter som har kreft forskjellige steder p\u00e5 kroppen. Videre vil vi jobbe for \u00e5 utvikle ny kreftmedisin til nye behandlingsm\u00e5l. Oppsummert skal vi:<\/p>\n<ul>\n<li>Levere forskning av h\u00f8y kvalitet som gir kliniske f\u00f8ringer<\/li>\n<li>Bidra til utvikling av protokoller for innsamling, analyse og registrering av data<\/li>\n<li>Fremme persontilpasset kreftbehandling og bygge kompetanse hos klinikere<\/li>\n<\/ul>\n<p>&nbsp;<\/p>\n<h4>Samarbeid<\/h4>\n<p>Vi samarbeider tett med Kreftregisteret, Bioteknologinemnda, Oslo Cancer Cluster, samt de norske firmaene Pubgene og BergenBio. Kreftforeningen representerer det viktige pasientperspektivet.<\/p>\n<p>[\/et_pb_text][\/et_pb_column][et_pb_column type=&raquo;1_3&#8243;][et_pb_text admin_label=&raquo;Kontaktpersoner (title)&raquo; background_layout=&raquo;dark&raquo; text_orientation=&raquo;left&raquo; background_color=&raquo;#108271&#8243; use_border_color=&raquo;off&raquo; border_color=&raquo;#ffffff&raquo; border_style=&raquo;solid&raquo; text_line_height=&raquo;2em&raquo; custom_padding=&raquo;10px|5px|5px|5px&raquo;]<\/p>\n<h4><strong>Kontaktpersoner<\/strong><\/h4>\n<p>[\/et_pb_text][et_pb_text admin_label=&raquo;Kontaktpersoner&raquo; background_layout=&raquo;light&raquo; text_orientation=&raquo;left&raquo; use_border_color=&raquo;off&raquo; border_color=&raquo;#ffffff&raquo; border_style=&raquo;solid&raquo;]<\/p>\n<p><img loading=\"lazy\" decoding=\"async\" class=\"round-image wp-image-2943 size-thumbnail aligncenter\" src=\"http:\/\/kreftgenomikk.no\/files\/2015\/10\/admin-ajax.php_-150x125.jpeg\" alt=\"\" width=\"150\" height=\"125\" \/><\/p>\n<h4 class=\"kontakt-fulltnavn\" style=\"text-align: left\">Ola Myklebost<\/h4>\n<p class=\"kontakt-stillingstittel\" style=\"text-align: left\"><em>Professor, Leder av konsortiet<\/em><\/p>\n<p style=\"text-align: left\"><a class=\"kontakt-epost\" href=\"mailto:ola.myklebost@uib.no\">ola-*-uib.no<\/a><\/p>\n<p class=\"kontakt-telefonnummer\" style=\"text-align: left\">+47 5558 4565<\/p>\n<p>&nbsp;<\/p>\n<p><img loading=\"lazy\" decoding=\"async\" class=\"round-image aligncenter wp-image-5586\" src=\"https:\/\/kreftgenomikk.no\/files\/2018\/06\/Liv-C-178x225.jpg\" alt=\"\" width=\"109\" height=\"138\" srcset=\"https:\/\/kreftgenomikk.w.uib.no\/files\/2018\/06\/Liv-C-178x225.jpg 178w, https:\/\/kreftgenomikk.w.uib.no\/files\/2018\/06\/Liv-C.jpg 245w\" sizes=\"auto, (max-width: 109px) 100vw, 109px\" \/><\/p>\n<h4 class=\"kontakt-fulltnavn\" style=\"text-align: left\">Lic Cecilie Vestrheim Thomsen<\/h4>\n<p class=\"kontakt-fulltnavn\" style=\"text-align: left\"><em>Forskningskoordinator<\/em><\/p>\n<p style=\"text-align: left\"><a class=\"kontakt-epost\" href=\"mailto:liv@kreftgenomikk.no\">liv-*-kreftgenomikk.no<\/a><\/p>\n<p class=\"kontakt-telefonnummer\" style=\"text-align: left\">+47 \u202d909 35 449\u202c<\/p>\n<p>[\/et_pb_text][et_pb_divider admin_label=&raquo;Skillelinje&raquo; color=&raquo;#ffffff&raquo; show_divider=&raquo;off&raquo; divider_style=&raquo;solid&raquo; divider_position=&raquo;top&raquo; hide_on_mobile=&raquo;on&raquo;]<\/p>\n<p>&nbsp;<\/p>\n<p>[\/et_pb_divider][et_pb_text admin_label=&raquo;NCGCs styre (title)&raquo; background_layout=&raquo;dark&raquo; text_orientation=&raquo;left&raquo; background_color=&raquo;#108271&#8243; use_border_color=&raquo;off&raquo; border_color=&raquo;#ffffff&raquo; border_style=&raquo;solid&raquo; text_line_height=&raquo;1.9em&raquo; custom_padding=&raquo;10px|5px|5px|5px&raquo;]<\/p>\n<h4><strong>NCGCs styre<\/strong><\/h4>\n<p>[\/et_pb_text][et_pb_text admin_label=&raquo;NCGCs styre&raquo; background_layout=&raquo;light&raquo; text_orientation=&raquo;left&raquo; use_border_color=&raquo;off&raquo; border_color=&raquo;#ffffff&raquo; border_style=&raquo;solid&raquo;]<\/p>\n<h4><strong>Erlend B Smeland<\/strong><\/h4>\n<p><em>Professor, Forskningsdriekt\u00f8r OUS, &#8211; Styreleder<\/em><\/p>\n<p>&nbsp;<\/p>\n<h4><strong>J\u00f3nas Einarsson<\/strong><\/h4>\n<p><em>Direkt\u00f8r Radiumhospitalets forskningsstiftelse<\/em><\/p>\n<p>&nbsp;<\/p>\n<h4><strong>Anne Sameline Grimsgaard<\/strong><\/h4>\n<p><em>Professor, Forskningsdekan UNN\/UiT<\/em><\/p>\n<p>&nbsp;<\/p>\n<h4><strong>Bj\u00f8rn Gustafsson<\/strong><\/h4>\n<p><em>Professor, Forskningsdekan StOlav\/NTNU<\/em><\/p>\n<p>&nbsp;<\/p>\n<h4><strong>Tove Flem Jacobsen<\/strong><\/h4>\n<p><em>Prosjektleder GE Healthcare<\/em><\/p>\n<p>&nbsp;<\/p>\n<h4><strong>Hilde I Nebb<\/strong><\/h4>\n<p><em>Forskningsdekan Medisinsk fakultet UiO<\/em><\/p>\n<p>&nbsp;<\/p>\n<h4><strong>Olav Mella<\/strong><\/h4>\n<p><em>Professor, Avdelingssjef Haukeland\/UiB<\/em><\/p>\n<p>&nbsp;<\/p>\n<h4><strong>Knut Martin Torgersen<\/strong><\/h4>\n<p><em>Medisinsk r\u00e5dgiver Pfizer<\/em><\/p>\n<p>[\/et_pb_text][et_pb_text admin_label=&raquo;Partnere&raquo; background_layout=&raquo;dark&raquo; text_orientation=&raquo;left&raquo; background_color=&raquo;#108271&#8243; use_border_color=&raquo;off&raquo; border_color=&raquo;#ffffff&raquo; border_style=&raquo;solid&raquo; text_line_height=&raquo;1.9em&raquo; custom_padding=&raquo;10px|5px|5px|5px&raquo;]<\/p>\n<h4><strong>Samarbeidsgruppen for helseforsknings satsingsomr\u00e5de<\/strong><\/h4>\n<p>[\/et_pb_text][et_pb_image admin_label=&raquo;Bilde&raquo; src=&raquo;http:\/\/kreftgenomikk.no\/files\/2013\/11\/logo.png&raquo; show_in_lightbox=&raquo;off&raquo; url=&raquo;http:\/\/kreftsatsing.no&raquo; url_new_window=&raquo;on&raquo; use_overlay=&raquo;off&raquo; animation=&raquo;off&raquo; sticky=&raquo;off&raquo; align=&raquo;left&raquo; force_fullwidth=&raquo;off&raquo; always_center_on_mobile=&raquo;on&raquo; use_border_color=&raquo;off&raquo; border_color=&raquo;#ffffff&raquo; border_style=&raquo;solid&raquo;]<\/p>\n<p>&nbsp;<\/p>\n<p>[\/et_pb_image][\/et_pb_column][\/et_pb_row][\/et_pb_section]<\/p>","protected":false},"excerpt":{"rendered":"<p>[et_pb_section admin_label=&raquo;Seksjon&raquo; fullwidth=&raquo;on&raquo; specialty=&raquo;off&raquo;][et_pb_fullwidth_post_title admin_label=&raquo;Fullbreddes innleggstittel&raquo; title=&raquo;on&raquo; meta=&raquo;off&raquo; author=&raquo;on&raquo; date=&raquo;on&raquo;&#46;&#46;&#46;<\/p>\n","protected":false},"author":4078,"featured_media":457,"parent":0,"menu_order":0,"comment_status":"closed","ping_status":"closed","template":"","meta":{"footnotes":""},"class_list":["post-4302","page","type-page","status-publish","has-post-thumbnail","hentry"],"_links":{"self":[{"href":"https:\/\/kreftgenomikk.w.uib.no\/no\/wp-json\/wp\/v2\/pages\/4302","targetHints":{"allow":["GET"]}}],"collection":[{"href":"https:\/\/kreftgenomikk.w.uib.no\/no\/wp-json\/wp\/v2\/pages"}],"about":[{"href":"https:\/\/kreftgenomikk.w.uib.no\/no\/wp-json\/wp\/v2\/types\/page"}],"author":[{"embeddable":true,"href":"https:\/\/kreftgenomikk.w.uib.no\/no\/wp-json\/wp\/v2\/users\/4078"}],"replies":[{"embeddable":true,"href":"https:\/\/kreftgenomikk.w.uib.no\/no\/wp-json\/wp\/v2\/comments?post=4302"}],"version-history":[{"count":40,"href":"https:\/\/kreftgenomikk.w.uib.no\/no\/wp-json\/wp\/v2\/pages\/4302\/revisions"}],"predecessor-version":[{"id":5839,"href":"https:\/\/kreftgenomikk.w.uib.no\/no\/wp-json\/wp\/v2\/pages\/4302\/revisions\/5839"}],"wp:featuredmedia":[{"embeddable":true,"href":"https:\/\/kreftgenomikk.w.uib.no\/no\/wp-json\/wp\/v2\/media\/457"}],"wp:attachment":[{"href":"https:\/\/kreftgenomikk.w.uib.no\/no\/wp-json\/wp\/v2\/media?parent=4302"}],"curies":[{"name":"wp","href":"https:\/\/api.w.org\/{rel}","templated":true}]}}